{"id":11397,"date":"2018-12-18T16:35:43","date_gmt":"2018-12-18T15:35:43","guid":{"rendered":"https:\/\/www.villamour.it\/?page_id=11397"},"modified":"2023-11-14T10:32:37","modified_gmt":"2023-11-14T09:32:37","slug":"family-superior","status":"publish","type":"page","link":"https:\/\/www.villamour.it\/fr\/chambres\/family-superior\/","title":{"rendered":"Family superior"},"content":{"rendered":"<div class=\"wpb-content-wrapper\">[vc_row row_type=&#8221;1&#8243; animate=&#8221;&#8221;][vc_column][rev_slider_vc alias=&#8221;fra-doppia-superior&#8221;][\/vc_column][\/vc_row][vc_row animate=&#8221;&#8221;][vc_column css=&#8221;.vc_custom_1474798729409{padding-top: 2px !important;}&#8221;]<hr class=\"vertical-space2\">[vc_row_inner][vc_column_inner width=&#8221;1\/6&#8243;][\/vc_column_inner][vc_column_inner width=&#8221;2\/3&#8243;]<article class=\"title-plus-text type-2 center \" style=\"text-align:center\" ><h2>Description<\/h2><\/article><hr class=\"vertical-space1\">[vc_column_text]\n<p style=\"text-align: center;\">Nos chambres doubles sup\u00e9rieures sont spacieuses, lumineuses et meubl\u00e9es avec go\u00fbt. En s\u00e9journant ici, vous vivrez une exp\u00e9rience touristique de r\u00eave qui vous fera tomber amoureux de la Vall\u00e9e d&#8217;Aoste<\/p>\n[\/vc_column_text]<hr class=\"vertical-space3\">[\/vc_column_inner][vc_column_inner width=&#8221;1\/6&#8243;][\/vc_column_inner][\/vc_row_inner][vc_row_inner][vc_column_inner]\n\t<div class=\"subtitle-element subtitle-element1\">\n\t\t<h2>Services de la chambre<\/h2>\n\t<\/div>[vc_empty_space height=&#8221;50px&#8221;][\/vc_column_inner][\/vc_row_inner][vc_row_inner][vc_column_inner width=&#8221;1\/3&#8243; css=&#8221;.vc_custom_1474800826090{margin-top: -5px !important;margin-bottom: 10px !important;}&#8221;]<article class=\"icon-box\" ><i class=\"ti-rss-alt\" style=\"\"><\/i><h4>Wi-fi<\/h4><p>Le r\u00e9seau wi-fi est gratuit et est r\u00e9pandu dans toute la structure<\/p><\/article><hr class=\"vertical-space3\">[\/vc_column_inner][vc_column_inner width=&#8221;1\/3&#8243; css=&#8221;.vc_custom_1474800978162{margin-top: -5px !important;margin-bottom: 10px !important;}&#8221;]<article class=\"icon-box\" ><i class=\"fa-hotel\" style=\"\"><\/i><h4>lits<\/h4><p>Lit double et deux lits simples<\/p><\/article><hr class=\"vertical-space3\">[\/vc_column_inner][vc_column_inner width=&#8221;1\/3&#8243; css=&#8221;.vc_custom_1474800990147{margin-top: -5px !important;margin-bottom: 10px !important;}&#8221;]<article class=\"icon-box\" ><i class=\"pe-7s-angle-down-circle\" style=\"\"><\/i><h4>Salle de bain<\/h4><p>Salle de bain avec douche<\/p><\/article><hr class=\"vertical-space3\">[\/vc_column_inner][\/vc_row_inner][vc_row_inner][vc_column_inner width=&#8221;1\/3&#8243; css=&#8221;.vc_custom_1474800826090{margin-top: -5px !important;margin-bottom: 10px !important;}&#8221;]<article class=\"icon-box\" ><i class=\"pe-7s-monitor\" style=\"\"><\/i><h4>T\u00e9l\u00e9vision<\/h4><p>TV LCD \u00e0 \u00e9cran plat<\/p><\/article><hr class=\"vertical-space2\">[\/vc_column_inner][vc_column_inner width=&#8221;1\/3&#8243; css=&#8221;.vc_custom_1474800978162{margin-top: -5px !important;margin-bottom: 10px !important;}&#8221;]<article class=\"icon-box\" ><i class=\"pe-7s-wallet\" style=\"\"><\/i><h4>Mini-bar<\/h4><p>Minibar dans la chambre<\/p><\/article><hr class=\"vertical-space2\">[\/vc_column_inner][vc_column_inner width=&#8221;1\/3&#8243; css=&#8221;.vc_custom_1474800990147{margin-top: -5px !important;margin-bottom: 10px !important;}&#8221;]<article class=\"icon-box\" ><i class=\"pe-7s-add-user\" style=\"\"><\/i><h4>Lit suppl\u00e9mentaire<\/h4><p>Possibilit\u00e9 de lit suppl\u00e9mentaire<\/p><\/article><hr class=\"vertical-space2\">[\/vc_column_inner][\/vc_row_inner]<hr class=\"vertical-space3\">[\/vc_column][\/vc_row][vc_row row_type=&#8221;2&#8243; animate=&#8221;&#8221; blox_bgcolor=&#8221;#efe7bd&#8221;][vc_column][vc_empty_space height=&#8221;99px&#8221;]<article class=\"title-plus-text type-3 center \" style=\"text-align:center\" ><h3 style=\"color:#73736b\">R\u00e9servez<\/h3><h2 class=\"part-1\" style=\"color:#31312c\">\u00e0 partir de<\/h2><h2 class=\"part-2\" style=\"color:#5aa300\">notre site<\/h2><p>Nous offrons de grands avantages \u00e0 ceux qui r\u00e9servent directement sur notre site Internet, d\u00e9couvrez-les ici !<\/p><\/article>[vc_row_inner][vc_column_inner width=&#8221;1\/3&#8243;]<hr class=\"vertical-space1\"><article class=\"icon-box17\" ><div class=\"icon-wrap\" style=\"background-color:\"><i class=\"pe-7s-like\" style=\"\"><\/i><\/div><h4>RAPPORT DIRECT<\/h4><p>Il n'y aura pas d'interm\u00e9diaire et vous serez directement en contact avec nous.<\/p><\/article><hr class=\"vertical-space1\">[\/vc_column_inner][vc_column_inner width=&#8221;1\/3&#8243;]<hr class=\"vertical-space1\"><article class=\"icon-box17\" ><div class=\"icon-wrap\" style=\"background-color:\"><i class=\"pe-7s-like\" style=\"\"><\/i><\/div><h4>ANNULATION FLEXIBLE<\/h4><p>Les conditions d'annulation sont plus souples en r\u00e9servant sur notre site Web.<\/p><\/article><hr class=\"vertical-space1\">[\/vc_column_inner][vc_column_inner width=&#8221;1\/3&#8243;]<hr class=\"vertical-space1\"><article class=\"icon-box17\" ><div class=\"icon-wrap\" style=\"background-color:\"><i class=\"pe-7s-like\" style=\"\"><\/i><\/div><h4>MEILLEUR TARIF<\/h4><p>Vous recevrez le meilleur tarif disponible.<\/p><\/article><hr class=\"vertical-space1\">[\/vc_column_inner][\/vc_row_inner]<hr class=\"vertical-space2\">[vc_btn title=&#8221;R\u00e9servez maintenant&#8221; style=&#8221;3d&#8221; color=&#8221;inverse&#8221; size=&#8221;lg&#8221; align=&#8221;center&#8221; css_animation=&#8221;appear&#8221; link=&#8221;url:%2Ffr%2Freservez%2F|||&#8221;][vc_empty_space height=&#8221;99px&#8221;][\/vc_column][\/vc_row][vc_row row_type=&#8221;2&#8243; animate=&#8221;&#8221; full_container=&#8221;full-container&#8221; blox_bgcolor=&#8221;#515151&#8243;][vc_column]<hr class=\"vertical-space4\"><article class=\"title-plus-text type-3 center \" style=\"text-align:center\" ><h3 style=\"color:#ffffff\">toutes<\/h3><h2 class=\"part-1\" style=\"color:#ffffff\">les<\/h2><h2 class=\"part-2\" style=\"color:#5aa300\">chambres<\/h2><\/article>[vc_column_text]\n<p style=\"text-align: center; color: #ffffff;\">Regardez toutes les chambres de VillAmour Boutique Hotel &amp; SPA<\/p>\n[\/vc_column_text]<hr class=\"vertical-space2\">\n\t\t\t\t<p class=\"rs-p-wp-fix\"><\/p>\n\t\t\t\t<sr7-module data-alias=\"fra-lista\" data-id=\"26\" id=\"SR7_26_1\" data-version=\"6.7.51\">\n\t\t\t\t\t<sr7-adjuster><\/sr7-adjuster>\n\t\t\t\t\t<sr7-content>\n\t\t\t\t\t\t<sr7-carousel>\n\t\t\t\t\t\t<sr7-slide id=\"SR7_26_1-59\" data-key=\"59\">\n\t\t\t\t\t\t\t<sr7-bg id=\"SR7_26_1-59-slidebg\" class=\"sr7-layer\"><noscript><img decoding=\"async\" src=\"https:\/\/www.villamour.it\/wp-content\/uploads\/2021\/09\/suite-hotel-lasalle.jpg\" alt=\"\" title=\"Family superior\"><\/noscript><\/sr7-bg>\n\t\t\t\t\t\t\t<sr7-txt id=\"SR7_26_1-59-1\" class=\"sr7-layer\">Suite<\/sr7-txt>\n\t\t\t\t\t\t\t<sr7-txt id=\"SR7_26_1-59-6\" class=\"sr7-layer\">En savoir plus<i class=\"fa-chevron-right\"><\/i><\/sr7-txt>\n\t\t\t\t\t\t<\/sr7-slide>\n\t\t\t\t\t\t<sr7-slide id=\"SR7_26_1-60\" data-key=\"60\">\n\t\t\t\t\t\t\t<sr7-bg id=\"SR7_26_1-60-slidebg\" class=\"sr7-layer\"><noscript><img decoding=\"async\" src=\"https:\/\/www.villamour.it\/wp-content\/uploads\/2018\/07\/villamour-singola-superior.jpg\" alt=\"\" title=\"Family superior\"><\/noscript><\/sr7-bg>\n\t\t\t\t\t\t\t<sr7-txt id=\"SR7_26_1-60-1\" class=\"sr7-layer\">Double usage individuel sup\u00e9rieur<\/sr7-txt>\n\t\t\t\t\t\t\t<sr7-txt id=\"SR7_26_1-60-6\" class=\"sr7-layer\">En savoir plus<i class=\"fa-chevron-right\"><\/i><\/sr7-txt>\n\t\t\t\t\t\t<\/sr7-slide>\n\t\t\t\t\t\t<sr7-slide id=\"SR7_26_1-55\" data-key=\"55\">\n\t\t\t\t\t\t\t<sr7-bg id=\"SR7_26_1-55-slidebg\" class=\"sr7-layer\"><noscript><img decoding=\"async\" src=\"https:\/\/www.villamour.it\/wp-content\/uploads\/2018\/07\/hotel_amorgex.jpg\" alt=\"\" title=\"Family superior\"><\/noscript><\/sr7-bg>\n\t\t\t\t\t\t\t<sr7-txt id=\"SR7_26_1-55-1\" class=\"sr7-layer\">Double sup\u00e9rieure<\/sr7-txt>\n\t\t\t\t\t\t\t<sr7-txt id=\"SR7_26_1-55-6\" class=\"sr7-layer\">En savoir plus <i class=\"fa-chevron-right\"><\/i><\/sr7-txt>\n\t\t\t\t\t\t<\/sr7-slide>\n\t\t\t\t\t\t<sr7-slide id=\"SR7_26_1-57\" data-key=\"57\">\n\t\t\t\t\t\t\t<sr7-bg id=\"SR7_26_1-57-slidebg\" class=\"sr7-layer\"><noscript><img decoding=\"async\" src=\"https:\/\/www.villamour.it\/wp-content\/uploads\/2018\/07\/hotel-lasalle-morgex-1.jpg\" alt=\"\" title=\"Family superior\"><\/noscript><\/sr7-bg>\n\t\t\t\t\t\t\t<sr7-txt id=\"SR7_26_1-57-1\" class=\"sr7-layer\">Familiale superior<\/sr7-txt>\n\t\t\t\t\t\t\t<sr7-txt id=\"SR7_26_1-57-6\" class=\"sr7-layer\">En savoir plus<i class=\"fa-chevron-right\"><\/i><\/sr7-txt>\n\t\t\t\t\t\t<\/sr7-slide>\n\t\t\t\t\t\t<sr7-slide id=\"SR7_26_1-127\" data-key=\"127\">\n\t\t\t\t\t\t<\/sr7-slide>\n\t\t\t\t\t\t<\/sr7-carousel>\n\t\t\t\t\t<\/sr7-content>\n\t\t\t\t<\/sr7-module>\n\t\t\t\t<script>\n\t\t\t\t\twindow.SR7 ??={};SR7.PMH ??={}; SR7.PMH[\"SR7_26_1\"] = {cn:100,state:false,fn: function() { if (window._tpt!==undefined && window._tpt.prepareModuleHeight !== undefined) {  _tpt.prepareModuleHeight({id:\"SR7_26_1\",el:[],type:'carousel',shdw:'0',gh:[600,600,500,400],gw:[800,700,400,300],vpt:['-200px'],size:{fullWidth:true, fullHeight:false},mh:'0',onh:0,onw:0,bg:{color:'#000000'},carousel:{pt:'0',pb:'0'},plType:'-1',plColor:'#FFFFFF'});   SR7.PMH[\"SR7_26_1\"].state=true;} else if(SR7.PMH[\"SR7_26_1\"].cn-->0)\tsetTimeout( SR7.PMH[\"SR7_26_1\"].fn,19);}};SR7.PMH[\"SR7_26_1\" ].fn();\n\t\t\t\t<\/script>\n[\/vc_column][\/vc_row]\n<\/div>","protected":false},"excerpt":{"rendered":"<p>[vc_row row_type=&#8221;1&#8243; animate=&#8221;&#8221;][vc_column][rev_slider_vc alias=&#8221;fra-doppia-superior&#8221;][\/vc_column][\/vc_row][vc_row animate=&#8221;&#8221;][vc_column css=&#8221;.vc_custom_1474798729409{padding-top: 2px !important;}&#8221;][vc_row_inner][vc_column_inner width=&#8221;1\/6&#8243;][\/vc_column_inner][vc_column_inner width=&#8221;2\/3&#8243;][vc_column_text] Nos chambres doubles sup\u00e9rieures sont spacieuses, lumineuses et meubl\u00e9es avec go\u00fbt. En s\u00e9journant ici, vous vivrez une exp\u00e9rience touristique de r\u00eave qui vous fera tomber amoureux de la Vall\u00e9e d&#8217;Aoste [\/vc_column_text][\/vc_column_inner][vc_column_inner width=&#8221;1\/6&#8243;][\/vc_column_inner][\/vc_row_inner][vc_row_inner][vc_column_inner][vc_empty_space height=&#8221;50px&#8221;][\/vc_column_inner][\/vc_row_inner][vc_row_inner][vc_column_inner width=&#8221;1\/3&#8243; css=&#8221;.vc_custom_1474800826090{margin-top: -5px !important;margin-bottom: 10px !important;}&#8221;][\/vc_column_inner][vc_column_inner width=&#8221;1\/3&#8243; css=&#8221;.vc_custom_1474800978162{margin-top: -5px !important;margin-bottom: 10px !important;}&#8221;][\/vc_column_inner][vc_column_inner width=&#8221;1\/3&#8243; css=&#8221;.vc_custom_1474800990147{margin-top: -5px !important;margin-bottom: 10px !important;}&#8221;][\/vc_column_inner][\/vc_row_inner][vc_row_inner][vc_column_inner width=&#8221;1\/3&#8243; css=&#8221;.vc_custom_1474800826090{margin-top: -5px !important;margin-bottom: 10px !important;}&#8221;][\/vc_column_inner][vc_column_inner width=&#8221;1\/3&#8243; css=&#8221;.vc_custom_1474800978162{margin-top: -5px !important;margin-bottom: 10px !important;}&#8221;][\/vc_column_inner][vc_column_inner width=&#8221;1\/3&#8243; css=&#8221;.vc_custom_1474800990147{margin-top: -5px !important;margin-bottom: 10px !important;}&#8221;][\/vc_column_inner][\/vc_row_inner][\/vc_column][\/vc_row][vc_row row_type=&#8221;2&#8243; animate=&#8221;&#8221; blox_bgcolor=&#8221;#efe7bd&#8221;][vc_column][vc_empty_space height=&#8221;99px&#8221;][vc_row_inner][vc_column_inner width=&#8221;1\/3&#8243;][\/vc_column_inner][vc_column_inner width=&#8221;1\/3&#8243;][\/vc_column_inner][vc_column_inner width=&#8221;1\/3&#8243;][\/vc_column_inner][\/vc_row_inner][vc_btn title=&#8221;R\u00e9servez maintenant&#8221; style=&#8221;3d&#8221; color=&#8221;inverse&#8221; size=&#8221;lg&#8221; align=&#8221;center&#8221; css_animation=&#8221;appear&#8221; link=&#8221;url:%2Ffr%2Freservez%2F|||&#8221;][vc_empty_space height=&#8221;99px&#8221;][\/vc_column][\/vc_row][vc_row row_type=&#8221;2&#8243; animate=&#8221;&#8221; full_container=&#8221;full-container&#8221; blox_bgcolor=&#8221;#515151&#8243;][vc_column][vc_column_text] Regardez toutes les chambres de VillAmour Boutique Hotel &amp; SPA [\/vc_column_text][\/vc_column][\/vc_row]<\/p>\n","protected":false},"author":1,"featured_media":0,"parent":11366,"menu_order":0,"comment_status":"closed","ping_status":"closed","template":"","meta":{"footnotes":""},"class_list":["post-11397","page","type-page","status-publish","hentry"],"_links":{"self":[{"href":"https:\/\/www.villamour.it\/fr\/wp-json\/wp\/v2\/pages\/11397","targetHints":{"allow":["GET"]}}],"collection":[{"href":"https:\/\/www.villamour.it\/fr\/wp-json\/wp\/v2\/pages"}],"about":[{"href":"https:\/\/www.villamour.it\/fr\/wp-json\/wp\/v2\/types\/page"}],"author":[{"embeddable":true,"href":"https:\/\/www.villamour.it\/fr\/wp-json\/wp\/v2\/users\/1"}],"replies":[{"embeddable":true,"href":"https:\/\/www.villamour.it\/fr\/wp-json\/wp\/v2\/comments?post=11397"}],"version-history":[{"count":2,"href":"https:\/\/www.villamour.it\/fr\/wp-json\/wp\/v2\/pages\/11397\/revisions"}],"predecessor-version":[{"id":11858,"href":"https:\/\/www.villamour.it\/fr\/wp-json\/wp\/v2\/pages\/11397\/revisions\/11858"}],"up":[{"embeddable":true,"href":"https:\/\/www.villamour.it\/fr\/wp-json\/wp\/v2\/pages\/11366"}],"wp:attachment":[{"href":"https:\/\/www.villamour.it\/fr\/wp-json\/wp\/v2\/media?parent=11397"}],"curies":[{"name":"wp","href":"https:\/\/api.w.org\/{rel}","templated":true}]}}