{"id":11420,"date":"2018-12-18T17:05:55","date_gmt":"2018-12-18T16:05:55","guid":{"rendered":"https:\/\/www.villamour.it\/?page_id=11420"},"modified":"2023-11-14T11:45:43","modified_gmt":"2023-11-14T10:45:43","slug":"offres","status":"publish","type":"page","link":"https:\/\/www.villamour.it\/fr\/offres\/","title":{"rendered":"Offres"},"content":{"rendered":"<div class=\"wpb-content-wrapper\">[vc_row row_type=&#8221;3&#8243; animate=&#8221;&#8221; blox_image=&#8221;11209&#8243; page_title=&#8221;page-title-x&#8221; blox_dark=&#8221;true&#8221; blox_class=&#8221;w-top-se&#8221; parallax_speed=&#8221;8&#8243;][vc_column]<hr class=\"vertical-space5\"><hr class=\"vertical-space5\">[vc_row_inner][vc_column_inner]<article class=\"title-plus-text type-1 center \" style=\"text-align:center\" ><h3 style=\"color:#ffffff\">D\u00e9couvrez<\/h3><h2 class=\"part-1\" >nos offres<\/h2><h2 class=\"part-2\" >ou id\u00e9es cadeaux<\/h2><\/article>[\/vc_column_inner][\/vc_row_inner]<hr class=\"vertical-space4\"><hr class=\"vertical-space4\">[\/vc_column][\/vc_row][vc_row row_type=&#8221;2&#8243; animate=&#8221;&#8221; blox_padding_top=&#8221;100px&#8221; blox_bgcolor=&#8221;#ffffff&#8221;][vc_column width=&#8221;1\/2&#8243;][vc_single_image image=&#8221;11664&#8243; img_size=&#8221;full&#8221; alignment=&#8221;center&#8221;][\/vc_column][vc_column width=&#8221;1\/2&#8243;]<hr class=\"vertical-space2\"><h2 class=\"big-title1\">Offerte Spa inclusa<\/h2><hr class=\"vertical-space2\">[vc_column_text]<strong>SUITE &amp; SPA<\/strong><br \/>\nNuit\u00e9e en SUITE avec petit-d\u00e9jeuner buffet, SPA PRIV\u00c9 pendant deux heures, bouteille de vin de la Vall\u00e9e d&#8217;Aoste avec des produits typiques s\u00e9lectionn\u00e9s. Sur demande et selon disponibilit\u00e9, il est possible d&#8217;ajouter des massages.<\/p>\n<p>230,00 \u20ac par couple pour une nuit ;<br \/>\n370,00 \u20ac par couple pour deux nuits.<\/p>\n<p><strong>CHAMBRE SUPERIEURE &amp; SPA<\/strong><br \/>\nNuit\u00e9e comprenant le petit-d\u00e9jeuner buffet et l&#8217;acc\u00e8s au SPA pour une dur\u00e9e de deux heures. Sur demande et selon disponibilit\u00e9, il est possible d&#8217;ajouter des massages.<\/p>\n<p>190,00 \u20ac par couple pour une nuit ;<br \/>\n320,00 \u20ac par couple pour deux nuits.<\/p>\n<p><strong>CHAMBRE STANDARD &amp; SPA<\/strong><br \/>\nNuit\u00e9e incluant le petit d\u00e9jeuner dans une chambre au rez-de-chauss\u00e9e avec acc\u00e8s direct au SPA pour une dur\u00e9e de deux heures. Sur demande et selon disponibilit\u00e9, il est possible d&#8217;ajouter des massages.<\/p>\n<p>170,00 \u20ac par couple pour une nuit ;<br \/>\n300,00 \u20ac par couple pour deux nuits.[\/vc_column_text]<hr class=\"vertical-space1\">[vc_btn title=&#8221;Demande de disponibilit\u00e9&#8221; color=&#8221;chino&#8221; align=&#8221;left&#8221; link=&#8221;url:%2Ffr%2Freservez%2F|||&#8221;][\/vc_column][\/vc_row][vc_row row_type=&#8221;2&#8243; animate=&#8221;&#8221; blox_padding_top=&#8221;100px&#8221; blox_bgcolor=&#8221;#ffffff&#8221;][vc_column width=&#8221;1\/2&#8243;][vc_single_image image=&#8221;11194&#8243; img_size=&#8221;full&#8221; alignment=&#8221;center&#8221;][\/vc_column][vc_column width=&#8221;1\/2&#8243;]<hr class=\"vertical-space2\"><h2 class=\"big-title1\">Offre ``d\u00e9tente`` : h\u00f4tel - spa<\/h2>[vc_column_text]Week-end en chambre double ou lits jumeaux comprenant le petit-d\u00e9jeuner buffet et l\u2019entr\u00e9e Escape aux thermes de Pr\u00e9-Saint-Didier le jour choisi :<\/p>\n<p>\u20ac235,00 par couple pour une nuit en chambre standard ;<br \/>\n\u20ac360,00 par couple pour deux nuits en chambre standard.<\/p>\n<p>\u20ac245,00 par couple pour une nuit en chambre sup\u00e9rieure ;<br \/>\n\u20ac375,00 par couple pour deux nuits en chambre sup\u00e9rieure.[\/vc_column_text]<hr class=\"vertical-space1\">[vc_btn title=&#8221;Demande de disponibilit\u00e9&#8221; color=&#8221;chino&#8221; align=&#8221;left&#8221; link=&#8221;url:%2Ffr%2Freservez%2F|||&#8221;][\/vc_column][\/vc_row][vc_row row_type=&#8221;2&#8243; animate=&#8221;&#8221; blox_padding_top=&#8221;100px&#8221; blox_bgcolor=&#8221;#ffffff&#8221;][vc_column width=&#8221;1\/2&#8243;][vc_single_image image=&#8221;11191&#8243; img_size=&#8221;full&#8221; alignment=&#8221;center&#8221;][\/vc_column][vc_column width=&#8221;1\/2&#8243;]<hr class=\"vertical-space2\"><h2 class=\"big-title1\">Offre ``4.810`` : h\u00f4tel - skyway<\/h2>[vc_column_text]Week-end en chambre double ou lits jumeaux comprenant le petit-d\u00e9jeuner buffet et le t\u00e9l\u00e9ph\u00e9rique pour Punta Helbronner avec le tout nouveau SkyWay Mont Blanc le jour choisi avec une r\u00e9servation:<\/p>\n<p>\u20ac235,00 par couple pour une nuit en chambre standard ;<br \/>\n\u20ac360,00 par couple pour deux nuits en chambre standard.<\/p>\n<p>\u20ac245,00 par couple pour une nuit en chambre sup\u00e9rieure ;<br \/>\n\u20ac375,00 par couple pour deux nuits en chambre sup\u00e9rieure.[\/vc_column_text]<hr class=\"vertical-space1\">[vc_btn title=&#8221;Demande de disponibilit\u00e9&#8221; color=&#8221;chino&#8221; align=&#8221;left&#8221; link=&#8221;url:%2Ffr%2Freservez%2F|||&#8221;][\/vc_column][\/vc_row][vc_row row_type=&#8221;2&#8243; animate=&#8221;&#8221; blox_padding_top=&#8221;100px&#8221; blox_bgcolor=&#8221;#ffffff&#8221;][vc_column width=&#8221;1\/2&#8243;][vc_single_image image=&#8221;11179&#8243; img_size=&#8221;full&#8221; alignment=&#8221;center&#8221;][\/vc_column][vc_column width=&#8221;1\/2&#8243;]<hr class=\"vertical-space2\"><h2 class=\"big-title1\">Offre ``gourmet`` : h\u00f4tel - d\u00eener typique<\/h2>[vc_column_text]Week-end en chambre double ou lits jumeaux comprenant le petit-d\u00e9jeuner buffet et un d\u00eener typique (boissons non comprises) :<\/p>\n<p>\u20ac210,00 par couple pour une nuit en chambre standard ;<br \/>\n\u20ac335,00 par couple pour deux nuits en chambre standard.<\/p>\n<p>\u20ac220,00 par couple pour une nuit en chambre sup\u00e9rieure ;<br \/>\n\u20ac350,00 par couple pour deux nuits en chambre sup\u00e9rieure.[\/vc_column_text]<hr class=\"vertical-space1\">[vc_btn title=&#8221;Demande de disponibilit\u00e9&#8221; color=&#8221;chino&#8221; align=&#8221;left&#8221; link=&#8221;url:%2Ffr%2Freservez%2F|||&#8221;][\/vc_column][\/vc_row][vc_row row_type=&#8221;2&#8243; animate=&#8221;&#8221; blox_padding_top=&#8221;100px&#8221; blox_bgcolor=&#8221;#ffffff&#8221;][vc_column width=&#8221;1\/2&#8243;][vc_single_image image=&#8221;11199&#8243; img_size=&#8221;full&#8221; alignment=&#8221;center&#8221;][\/vc_column][vc_column width=&#8221;1\/2&#8243;]<hr class=\"vertical-space2\"><h2 class=\"big-title1\">Offre ``Vin Blanc`` : h\u00f4tel - d\u00e9gustation de vin<\/h2>[vc_column_text]Week-end en chambre double ou lits jumeaux comprenant l&#8217;h\u00e9bergement, le petit-d\u00e9jeuner buffet, la d\u00e9gustation des vins produits le plus en haut d&#8217;Europe, la visite de la Cave Mont Blanc et de ses vignes :<\/p>\n<p>\u20ac150,00 par couple pour une nuit en chambre standard ;<br \/>\n\u20ac275,00 par couple pour deux nuits en chambre standard.<\/p>\n<p>\u20ac160,00 par couple pour une nuit en chambre sup\u00e9rieure ;<br \/>\n\u20ac290,00 par couple pour deux nuits en chambre sup\u00e9rieure.[\/vc_column_text]<hr class=\"vertical-space1\">[vc_btn title=&#8221;Demande de disponibilit\u00e9&#8221; color=&#8221;chino&#8221; align=&#8221;left&#8221; link=&#8221;url:%2Ffr%2Freservez%2F|||&#8221;][\/vc_column][\/vc_row][vc_row row_type=&#8221;2&#8243; animate=&#8221;&#8221; blox_padding_top=&#8221;100px&#8221; blox_bgcolor=&#8221;#ffffff&#8221;][vc_column width=&#8221;1\/2&#8243;][vc_single_image image=&#8221;11182&#8243; img_size=&#8221;full&#8221; alignment=&#8221;center&#8221;][\/vc_column][vc_column width=&#8221;1\/2&#8243;]<hr class=\"vertical-space2\"><h2 class=\"big-title1\">Offre ``\u00e9quitation`` : h\u00f4tel - \u00e9quitation<\/h2>[vc_column_text]Week-end en chambre double ou double ou lits jumeaux comprenant le petit-d\u00e9jeuner buffet et une heure de balade \u00e0 cheval pour deux personnes :<\/p>\n<p>\u20ac200,00 par couple pour une nuit en chambre standard ;<br \/>\n\u20ac325,00 par couple pour deux nuits en chambre standard.<\/p>\n<p>\u20ac210,00 par couple pour une nuit en chambre sup\u00e9rieure ;<br \/>\n\u20ac340,00 par couple pour deux nuits en chambre sup\u00e9rieure.[\/vc_column_text]<hr class=\"vertical-space1\">[vc_btn title=&#8221;Demande de disponibilit\u00e9&#8221; color=&#8221;chino&#8221; align=&#8221;left&#8221; link=&#8221;url:%2Ffr%2Freservez%2F|||&#8221;][\/vc_column][\/vc_row][vc_row row_type=&#8221;2&#8243; animate=&#8221;&#8221; blox_padding_top=&#8221;100px&#8221; blox_bgcolor=&#8221;#ffffff&#8221;][vc_column width=&#8221;1\/2&#8243;][vc_single_image image=&#8221;11188&#8243; img_size=&#8221;full&#8221; alignment=&#8221;center&#8221;][\/vc_column][vc_column width=&#8221;1\/2&#8243;]<hr class=\"vertical-space2\"><h2 class=\"big-title1\">Offre ``rafting``: h\u00f4tel - rafting<\/h2>[vc_column_text]Week-end en chambre double ou double ou lits jumeaux comprenant le petit-d\u00e9jeuner, deux heures et demie de rafting pour deux personnes avec mat\u00e9riel gratuit et photographies\u00a0:<\/p>\n<p>\u20ac185,00 par couple pour une nuit en chambre standard ;<br \/>\n\u20ac310,00 par couple pour deux nuits en chambre standard.<\/p>\n<p>\u20ac195,00 par couple pour une nuit en chambre sup\u00e9rieure ;<br \/>\n\u20ac325,00 par couple pour deux nuits en chambre sup\u00e9rieure.[\/vc_column_text]<hr class=\"vertical-space1\">[vc_btn title=&#8221;Demande de disponibilit\u00e9&#8221; color=&#8221;chino&#8221; align=&#8221;left&#8221; link=&#8221;url:%2Ffr%2Freservez%2F|||&#8221;][\/vc_column][\/vc_row][vc_row row_type=&#8221;2&#8243; animate=&#8221;&#8221; blox_padding_top=&#8221;100px&#8221; blox_bgcolor=&#8221;#ffffff&#8221;][vc_column width=&#8221;1\/2&#8243;][vc_single_image image=&#8221;11185&#8243; img_size=&#8221;full&#8221; alignment=&#8221;center&#8221;][\/vc_column][vc_column width=&#8221;1\/2&#8243;]<hr class=\"vertical-space2\"><h2 class=\"big-title1\">Offre ``oltralpe`` : hotel-tunnel du Mont Blanc<\/h2>[vc_column_text]Week-end en chambre double ou double ou lits jumeaux comprenant le petit-d\u00e9jeuner buffet, un billet all\u00e9e-retour pour le Tunnel du Mont-Blanc valable pour la journ\u00e9e d&#8217;h\u00e9bergement \u00a0avec la possibilit\u00e9 de visiter charmante ville de Chamonix :<\/p>\n<p>\u20ac175,00 par couple pour une nuit en chambre standard ;<br \/>\n\u20ac300,00 par couple pour deux nuits en chambre standard.<\/p>\n<p>\u20ac185,00 par couple pour une nuit en chambre sup\u00e9rieure ;<br \/>\n\u20ac315,00 par couple pour deux nuits en chambre sup\u00e9rieure.[\/vc_column_text]<hr class=\"vertical-space1\">[vc_btn title=&#8221;Demande de disponibilit\u00e9&#8221; color=&#8221;chino&#8221; align=&#8221;left&#8221; link=&#8221;url:%2Ffr%2Freservez%2F|||&#8221;][\/vc_column][\/vc_row][vc_row][vc_column]<hr class=\"vertical-space5\">[vc_column_text]\n<p style=\"text-align: center;\">Les offres ci-dessus sont disponibles pendant la p\u00e9riode et les week-ends de moyenne et basse saison.<\/p>\n<p style=\"text-align: center;\">Sur demande, il est possible de combiner ou d&#8217;\u00e9changer les formules propos\u00e9es.<\/p>\n<p style=\"text-align: center;\">Nos forfaits peuvent \u00eatre achet\u00e9s sous forme de ch\u00e8que-cadeau.<\/p>\n<p style=\"text-align: center;\">En nous contactant, nous vous ferons parvenir un voucher pouvant \u00eatre utilis\u00e9 dans nos locaux dans un d\u00e9lai d&#8217;un an \u00e0 compter de la date d&#8217;achat. Il suffit d&#8217;envoyer un virement bancaire \u00e0 nos coordonn\u00e9es bancaires, en indiquant l&#8217;offre choisie et le nom des destinataires du paiement dans le motif du paiement.<\/p>\n[\/vc_column_text]<hr class=\"vertical-space3\">[\/vc_column][\/vc_row]\n<\/div>","protected":false},"excerpt":{"rendered":"<p>[vc_row row_type=&#8221;3&#8243; animate=&#8221;&#8221; blox_image=&#8221;11209&#8243; page_title=&#8221;page-title-x&#8221; blox_dark=&#8221;true&#8221; blox_class=&#8221;w-top-se&#8221; parallax_speed=&#8221;8&#8243;][vc_column][vc_row_inner][vc_column_inner][\/vc_column_inner][\/vc_row_inner][\/vc_column][\/vc_row][vc_row row_type=&#8221;2&#8243; animate=&#8221;&#8221; blox_padding_top=&#8221;100px&#8221; blox_bgcolor=&#8221;#ffffff&#8221;][vc_column width=&#8221;1\/2&#8243;][vc_single_image image=&#8221;11664&#8243; img_size=&#8221;full&#8221; alignment=&#8221;center&#8221;][\/vc_column][vc_column width=&#8221;1\/2&#8243;][vc_column_text]SUITE &amp; SPA Nuit\u00e9e en SUITE avec petit-d\u00e9jeuner buffet, SPA PRIV\u00c9 pendant deux heures, bouteille de vin de la Vall\u00e9e d&#8217;Aoste avec des produits typiques s\u00e9lectionn\u00e9s. Sur demande et selon disponibilit\u00e9, il est possible d&#8217;ajouter des massages. 230,00 \u20ac par couple pour une nuit ; 370,00 \u20ac par couple pour deux nuits. CHAMBRE SUPERIEURE &amp; SPA Nuit\u00e9e comprenant le petit-d\u00e9jeuner buffet et l&#8217;acc\u00e8s au SPA pour une dur\u00e9e de deux heures. Sur demande et selon disponibilit\u00e9, il est possible d&#8217;ajouter des massages. 190,00 \u20ac par couple pour une nuit ; 320,00 \u20ac par couple pour deux nuits. CHAMBRE STANDARD &amp; SPA Nuit\u00e9e incluant le petit d\u00e9jeuner dans une chambre au rez-de-chauss\u00e9e avec acc\u00e8s direct au SPA pour une dur\u00e9e de deux heures. Sur demande et selon disponibilit\u00e9, il est possible d&#8217;ajouter des massages. 170,00 \u20ac par couple pour une nuit ; 300,00 \u20ac par couple pour deux nuits.[\/vc_column_text][vc_btn title=&#8221;Demande de disponibilit\u00e9&#8221; color=&#8221;chino&#8221; align=&#8221;left&#8221; link=&#8221;url:%2Ffr%2Freservez%2F|||&#8221;][\/vc_column][\/vc_row][vc_row row_type=&#8221;2&#8243; animate=&#8221;&#8221; blox_padding_top=&#8221;100px&#8221; blox_bgcolor=&#8221;#ffffff&#8221;][vc_column width=&#8221;1\/2&#8243;][vc_single_image image=&#8221;11194&#8243; img_size=&#8221;full&#8221; alignment=&#8221;center&#8221;][\/vc_column][vc_column width=&#8221;1\/2&#8243;][vc_column_text]Week-end en chambre double ou lits jumeaux comprenant le petit-d\u00e9jeuner buffet et l\u2019entr\u00e9e Escape aux thermes de Pr\u00e9-Saint-Didier le jour choisi : \u20ac235,00 par couple pour une nuit en chambre standard ; \u20ac360,00 par couple pour deux nuits en chambre standard. \u20ac245,00 par couple pour une nuit en chambre sup\u00e9rieure ; \u20ac375,00 par couple pour deux nuits en chambre sup\u00e9rieure.[\/vc_column_text][vc_btn title=&#8221;Demande de disponibilit\u00e9&#8221; color=&#8221;chino&#8221; align=&#8221;left&#8221; link=&#8221;url:%2Ffr%2Freservez%2F|||&#8221;][\/vc_column][\/vc_row][vc_row row_type=&#8221;2&#8243; animate=&#8221;&#8221; blox_padding_top=&#8221;100px&#8221; blox_bgcolor=&#8221;#ffffff&#8221;][vc_column width=&#8221;1\/2&#8243;][vc_single_image image=&#8221;11191&#8243; img_size=&#8221;full&#8221; alignment=&#8221;center&#8221;][\/vc_column][vc_column width=&#8221;1\/2&#8243;][vc_column_text]Week-end en chambre double ou lits jumeaux comprenant le petit-d\u00e9jeuner buffet et le t\u00e9l\u00e9ph\u00e9rique pour Punta Helbronner avec le tout nouveau SkyWay Mont Blanc le jour choisi avec une r\u00e9servation: \u20ac235,00 par couple pour une nuit en chambre standard ; \u20ac360,00 par couple pour deux nuits en chambre&#8230; <\/p>\n<p><a class=\"readmore\" href=\"https:\/\/www.villamour.it\/fr\/offres\/\">Continue Reading<\/a><\/p>\n","protected":false},"author":1,"featured_media":0,"parent":0,"menu_order":0,"comment_status":"closed","ping_status":"closed","template":"","meta":{"footnotes":""},"class_list":["post-11420","page","type-page","status-publish","hentry"],"_links":{"self":[{"href":"https:\/\/www.villamour.it\/fr\/wp-json\/wp\/v2\/pages\/11420","targetHints":{"allow":["GET"]}}],"collection":[{"href":"https:\/\/www.villamour.it\/fr\/wp-json\/wp\/v2\/pages"}],"about":[{"href":"https:\/\/www.villamour.it\/fr\/wp-json\/wp\/v2\/types\/page"}],"author":[{"embeddable":true,"href":"https:\/\/www.villamour.it\/fr\/wp-json\/wp\/v2\/users\/1"}],"replies":[{"embeddable":true,"href":"https:\/\/www.villamour.it\/fr\/wp-json\/wp\/v2\/comments?post=11420"}],"version-history":[{"count":10,"href":"https:\/\/www.villamour.it\/fr\/wp-json\/wp\/v2\/pages\/11420\/revisions"}],"predecessor-version":[{"id":11868,"href":"https:\/\/www.villamour.it\/fr\/wp-json\/wp\/v2\/pages\/11420\/revisions\/11868"}],"wp:attachment":[{"href":"https:\/\/www.villamour.it\/fr\/wp-json\/wp\/v2\/media?parent=11420"}],"curies":[{"name":"wp","href":"https:\/\/api.w.org\/{rel}","templated":true}]}}